{"id":3,"date":"2025-03-12T14:01:44","date_gmt":"2025-03-12T14:01:44","guid":{"rendered":"http:\/\/bimibaby.com\/?page_id=3"},"modified":"2025-03-25T00:05:12","modified_gmt":"2025-03-25T00:05:12","slug":"politique-de-confidentialite","status":"publish","type":"page","link":"https:\/\/bimibaby.com\/fr\/privacy-policy","title":{"rendered":"Politique en mati\u00e8re de confidentialit\u00e9 et de cookies"},"content":{"rendered":"<div data-elementor-type=\"wp-page\" data-elementor-id=\"3\" class=\"elementor elementor-3\" data-elementor-post-type=\"page\">\n\t\t\t\t<div class=\"elementor-element elementor-element-74947e48 e-flex e-con-boxed e-con e-parent\" data-id=\"74947e48\" data-element_type=\"container\" data-e-type=\"container\">\n\t\t\t\t\t<div class=\"e-con-inner\">\n\t\t\t\t<div class=\"elementor-element elementor-element-e2b1ee5 elementor-widget elementor-widget-heading\" data-id=\"e2b1ee5\" data-element_type=\"widget\" data-e-type=\"widget\" data-widget_type=\"heading.default\">\n\t\t\t\t<div class=\"elementor-widget-container\">\n\t\t\t\t\t<span class=\"elementor-heading-title elementor-size-default\">Date d'entr\u00e9e en vigueur : 1er avril 2025<\/span>\t\t\t\t<\/div>\n\t\t\t\t<\/div>\n\t\t\t\t<div class=\"elementor-element elementor-element-cddc88a elementor-widget elementor-widget-heading\" data-id=\"cddc88a\" data-element_type=\"widget\" data-e-type=\"widget\" data-widget_type=\"heading.default\">\n\t\t\t\t<div class=\"elementor-widget-container\">\n\t\t\t\t\t<h2 class=\"elementor-heading-title elementor-size-default\">Informations collect\u00e9es<\/h2>\t\t\t\t<\/div>\n\t\t\t\t<\/div>\n\t\t\t\t<div class=\"elementor-element elementor-element-78e83e94 elementor-widget elementor-widget-text-editor\" data-id=\"78e83e94\" data-element_type=\"widget\" data-e-type=\"widget\" data-widget_type=\"text-editor.default\">\n\t\t\t\t<div class=\"elementor-widget-container\">\n\t\t\t\t\t\t\t\t\t\n<p>Nous pouvons collecter les informations personnelles suivantes par le biais de formulaires sur notre site web :<\/p>\n<ul>\n<li>Votre nom<\/li>\n<li>Votre adresse \u00e9lectronique<\/li>\n<\/ul>\n<p>Ces informations sont collect\u00e9es lorsque vous vous inscrivez volontairement \u00e0 notre bulletin d'information ou lorsque vous soumettez un formulaire de contact.<\/p>\n<p>Nous recueillons \u00e9galement des informations non personnelles automatiquement par le biais de cookies et d'outils d'analyse, notamment :<\/p>\n<ul>\n<li>Adresse IP<\/li>\n<li>Type de navigateur<\/li>\n<li>Pages visit\u00e9es<\/li>\n<li>Temps pass\u00e9 sur place<\/li>\n<\/ul>\t\t\t\t\t\t\t\t<\/div>\n\t\t\t\t<\/div>\n\t\t\t\t<div class=\"elementor-element elementor-element-567cc7e elementor-widget elementor-widget-heading\" data-id=\"567cc7e\" data-element_type=\"widget\" data-e-type=\"widget\" data-widget_type=\"heading.default\">\n\t\t\t\t<div class=\"elementor-widget-container\">\n\t\t\t\t\t<h2 class=\"elementor-heading-title elementor-size-default\">Comment nous utilisons vos informations<\/h2>\t\t\t\t<\/div>\n\t\t\t\t<\/div>\n\t\t\t\t<div class=\"elementor-element elementor-element-b4d190c elementor-widget elementor-widget-text-editor\" data-id=\"b4d190c\" data-element_type=\"widget\" data-e-type=\"widget\" data-widget_type=\"text-editor.default\">\n\t\t\t\t<div class=\"elementor-widget-container\">\n\t\t\t\t\t\t\t\t\t<p>Nous utilisons vos informations personnelles pour :<\/p>\n<ul>\n<li>vous envoyer des bulletins d'information et des mises \u00e0 jour par courrier \u00e9lectronique<\/li>\n<li>r\u00e9pondre aux demandes de renseignements ou aux messages que vous envoyez par l'interm\u00e9diaire de notre formulaire de contact<\/li>\n<li>Am\u00e9liorer les performances et la convivialit\u00e9 de notre site web par le biais de l'analyse<\/li>\n<\/ul>\t\t\t\t\t\t\t\t<\/div>\n\t\t\t\t<\/div>\n\t\t\t\t<div class=\"elementor-element elementor-element-2010f5f elementor-widget elementor-widget-heading\" data-id=\"2010f5f\" data-element_type=\"widget\" data-e-type=\"widget\" data-widget_type=\"heading.default\">\n\t\t\t\t<div class=\"elementor-widget-container\">\n\t\t\t\t\t<h2 class=\"elementor-heading-title elementor-size-default\">Marketing par courrier \u00e9lectronique<\/h2>\t\t\t\t<\/div>\n\t\t\t\t<\/div>\n\t\t\t\t<div class=\"elementor-element elementor-element-ab01cbd elementor-widget elementor-widget-text-editor\" data-id=\"ab01cbd\" data-element_type=\"widget\" data-e-type=\"widget\" data-widget_type=\"text-editor.default\">\n\t\t\t\t<div class=\"elementor-widget-container\">\n\t\t\t\t\t\t\t\t\t<p>Si vous choisissez de recevoir des courriels de notre part, vos informations seront stock\u00e9es de mani\u00e8re s\u00e9curis\u00e9e par Mailchimp.<\/p>\n<p>Vous pouvez vous d\u00e9sinscrire \u00e0 tout moment en cliquant sur le lien situ\u00e9 au bas de chaque e-mail ou en nous contactant \u00e0 l'adresse suivante <a href=\"mailto:info.usa@bimibroccoli.com\" target=\"_blank\" rel=\"noopener\">info.usa@bimibroccoli.com<\/a>.<\/p>\t\t\t\t\t\t\t\t<\/div>\n\t\t\t\t<\/div>\n\t\t\t\t<div class=\"elementor-element elementor-element-2bd645f elementor-widget elementor-widget-heading\" data-id=\"2bd645f\" data-element_type=\"widget\" data-e-type=\"widget\" data-widget_type=\"heading.default\">\n\t\t\t\t<div class=\"elementor-widget-container\">\n\t\t\t\t\t<h2 class=\"elementor-heading-title elementor-size-default\">Cookies et technologies de suivi<\/h2>\t\t\t\t<\/div>\n\t\t\t\t<\/div>\n\t\t\t\t<div class=\"elementor-element elementor-element-717be60 elementor-widget elementor-widget-text-editor\" data-id=\"717be60\" data-element_type=\"widget\" data-e-type=\"widget\" data-widget_type=\"text-editor.default\">\n\t\t\t\t<div class=\"elementor-widget-container\">\n\t\t\t\t\t\t\t\t\t<p>Notre site web utilise des cookies pour am\u00e9liorer votre exp\u00e9rience de navigation et pour nous aider \u00e0 comprendre comment les visiteurs interagissent avec le site.<\/p>\n<p>Nous pouvons utiliser les \u00e9l\u00e9ments suivants :<\/p>\n<ul>\n<li>Google Analytics - pour collecter des donn\u00e9es d'utilisation anonymes afin d'am\u00e9liorer les performances du site<\/li>\n<li>Meta Pixel - pour mesurer l'efficacit\u00e9 des publicit\u00e9s dans les m\u00e9dias sociaux et du contenu de reciblage.<\/li>\n<\/ul>\n<p>En utilisant notre site, vous acceptez que des cookies soient plac\u00e9s sur votre appareil. Vous pouvez g\u00e9rer ou d\u00e9sactiver les cookies dans les param\u00e8tres de votre navigateur.<\/p>\t\t\t\t\t\t\t\t<\/div>\n\t\t\t\t<\/div>\n\t\t\t\t<div class=\"elementor-element elementor-element-9cb5a5e elementor-widget elementor-widget-heading\" data-id=\"9cb5a5e\" data-element_type=\"widget\" data-e-type=\"widget\" data-widget_type=\"heading.default\">\n\t\t\t\t<div class=\"elementor-widget-container\">\n\t\t\t\t\t<h2 class=\"elementor-heading-title elementor-size-default\">Partage et s\u00e9curit\u00e9 des donn\u00e9es<\/h2>\t\t\t\t<\/div>\n\t\t\t\t<\/div>\n\t\t\t\t<div class=\"elementor-element elementor-element-3a35b0f elementor-widget elementor-widget-text-editor\" data-id=\"3a35b0f\" data-element_type=\"widget\" data-e-type=\"widget\" data-widget_type=\"text-editor.default\">\n\t\t\t\t<div class=\"elementor-widget-container\">\n\t\t\t\t\t\t\t\t\t<p>Nous ne vendons pas, ne louons pas et ne partageons pas vos informations personnelles avec des tiers.<\/p>\n<p>Nous prenons des mesures raisonnables pour prot\u00e9ger vos donn\u00e9es contre tout acc\u00e8s, modification ou divulgation non autoris\u00e9s.<\/p>\t\t\t\t\t\t\t\t<\/div>\n\t\t\t\t<\/div>\n\t\t\t\t<div class=\"elementor-element elementor-element-d95a14c elementor-widget elementor-widget-heading\" data-id=\"d95a14c\" data-element_type=\"widget\" data-e-type=\"widget\" data-widget_type=\"heading.default\">\n\t\t\t\t<div class=\"elementor-widget-container\">\n\t\t\t\t\t<h2 class=\"elementor-heading-title elementor-size-default\">Vos droits<\/h2>\t\t\t\t<\/div>\n\t\t\t\t<\/div>\n\t\t\t\t<div class=\"elementor-element elementor-element-accbd8f elementor-widget elementor-widget-text-editor\" data-id=\"accbd8f\" data-element_type=\"widget\" data-e-type=\"widget\" data-widget_type=\"text-editor.default\">\n\t\t\t\t<div class=\"elementor-widget-container\">\n\t\t\t\t\t\t\t\t\t<p>Vous avez le droit de :<\/p>\n<ul>\n<li>Demander l'acc\u00e8s \u00e0 vos donn\u00e9es personnelles<\/li>\n<li>Nous demander de corriger ou de supprimer vos informations<\/li>\n<li>Se d\u00e9sinscrire \u00e0 tout moment des courriels de marketing<\/li>\n<\/ul>\n<p>Pour faire une demande, veuillez nous contacter \u00e0 l'adresse suivante <a href=\"mailto:info.usa@bimibroccoli.com\" target=\"_blank\" rel=\"noopener\">info.usa@bimibroccoli.com<\/a>.<\/p>\t\t\t\t\t\t\t\t<\/div>\n\t\t\t\t<\/div>\n\t\t\t\t<div class=\"elementor-element elementor-element-6f70d15 elementor-widget elementor-widget-heading\" data-id=\"6f70d15\" data-element_type=\"widget\" data-e-type=\"widget\" data-widget_type=\"heading.default\">\n\t\t\t\t<div class=\"elementor-widget-container\">\n\t\t\t\t\t<h2 class=\"elementor-heading-title elementor-size-default\">Modifications de la pr\u00e9sente politique<\/h2>\t\t\t\t<\/div>\n\t\t\t\t<\/div>\n\t\t\t\t<div class=\"elementor-element elementor-element-dcc21bb elementor-widget elementor-widget-text-editor\" data-id=\"dcc21bb\" data-element_type=\"widget\" data-e-type=\"widget\" data-widget_type=\"text-editor.default\">\n\t\t\t\t<div class=\"elementor-widget-container\">\n\t\t\t\t\t\t\t\t\t<p>Nous pouvons mettre \u00e0 jour cette politique de confidentialit\u00e9 et de cookies de temps \u00e0 autre. Les modifications seront publi\u00e9es sur cette page avec une date d'entr\u00e9e en vigueur actualis\u00e9e.<\/p>\t\t\t\t\t\t\t\t<\/div>\n\t\t\t\t<\/div>\n\t\t\t\t<div class=\"elementor-element elementor-element-fe26ad4 elementor-widget elementor-widget-heading\" data-id=\"fe26ad4\" data-element_type=\"widget\" data-e-type=\"widget\" data-widget_type=\"heading.default\">\n\t\t\t\t<div class=\"elementor-widget-container\">\n\t\t\t\t\t<h2 class=\"elementor-heading-title elementor-size-default\">Conditions g\u00e9n\u00e9rales d'utilisation<\/h2>\t\t\t\t<\/div>\n\t\t\t\t<\/div>\n\t\t\t\t<div class=\"elementor-element elementor-element-6add561 elementor-widget elementor-widget-text-editor\" data-id=\"6add561\" data-element_type=\"widget\" data-e-type=\"widget\" data-widget_type=\"text-editor.default\">\n\t\t\t\t<div class=\"elementor-widget-container\">\n\t\t\t\t\t\t\t\t\t<p>En utilisant le site web de Bimi\u00ae, vous acceptez ce qui suit :<\/p>\n<ul>\n<li>Vous ne devez pas abuser, copier ou republier le contenu sans autorisation.<\/li>\n<li>En soumettant vos informations par le biais de nos formulaires de contact ou de bulletin d'information, vous nous autorisez \u00e0 vous contacter par courrier \u00e9lectronique.<\/li>\n<li>Vous pouvez vous d\u00e9sabonner des communications \u00e0 tout moment.<\/li>\n<\/ul>\n<p>\u00a0<\/p>\n<p>Pour toute question concernant ces conditions ou votre vie priv\u00e9e, veuillez nous contacter \u00e0 l'adresse suivante <a href=\"mailto:info.usa@bimibroccoli.com\" target=\"_blank\" rel=\"noopener\">info.usa@bimibroccoli.com<\/a>.<\/p>\t\t\t\t\t\t\t\t<\/div>\n\t\t\t\t<\/div>\n\t\t\t\t\t<\/div>\n\t\t\t\t<\/div>\n\t\t\t\t<\/div>","protected":false},"excerpt":{"rendered":"<p>Effective Date: April 1, 2025 Information We Collect We may collect the following personal information through forms on our website: Your name Your email address This information is collected when you voluntarily sign up for our newsletter or submit a contact form. We also collect non-personal information automatically through cookies and analytics tools, including: IP [&hellip;]<\/p>\n","protected":false},"author":1,"featured_media":0,"parent":0,"menu_order":0,"comment_status":"closed","ping_status":"closed","template":"","meta":{"_acf_changed":false,"inline_featured_image":false,"footnotes":""},"class_list":["post-3","page","type-page","status-publish","hentry"],"acf":[],"yoast_head":"<!-- This site is optimized with the Yoast SEO plugin v27.5 - https:\/\/yoast.com\/product\/yoast-seo-wordpress\/ -->\n<title>Privacy &amp; Cookie Policy | Bimi\u00ae Baby Broccoli | Broccoli But Better<\/title>\n<meta name=\"robots\" content=\"index, follow, max-snippet:-1, max-image-preview:large, max-video-preview:-1\" \/>\n<link rel=\"canonical\" href=\"https:\/\/bimibaby.com\/fr\/politique-de-confidentialite\/\" \/>\n<meta property=\"og:locale\" content=\"fr_CA\" \/>\n<meta property=\"og:type\" content=\"article\" \/>\n<meta property=\"og:title\" content=\"Privacy &amp; Cookie Policy | Bimi\u00ae Baby Broccoli | Broccoli But Better\" \/>\n<meta property=\"og:description\" content=\"Effective Date: April 1, 2025 Information We Collect We may collect the following personal information through forms on our website: Your name Your email address This information is collected when you voluntarily sign up for our newsletter or submit a contact form. We also collect non-personal information automatically through cookies and analytics tools, including: IP [&hellip;]\" \/>\n<meta property=\"og:url\" content=\"https:\/\/bimibaby.com\/fr\/politique-de-confidentialite\/\" \/>\n<meta property=\"og:site_name\" content=\"Bimi\u00ae Baby Broccoli | Broccoli But Better\" \/>\n<meta property=\"article:publisher\" content=\"https:\/\/www.facebook.com\/profile.php?id=61564549123971\" \/>\n<meta property=\"article:modified_time\" content=\"2025-03-25T00:05:12+00:00\" \/>\n<meta name=\"twitter:card\" content=\"summary_large_image\" \/>\n<meta name=\"twitter:label1\" content=\"Estimation du temps de lecture\" \/>\n\t<meta name=\"twitter:data1\" content=\"2 minutes\" \/>\n<script type=\"application\/ld+json\" class=\"yoast-schema-graph\">{\"@context\":\"https:\\\/\\\/schema.org\",\"@graph\":[{\"@type\":\"WebPage\",\"@id\":\"https:\\\/\\\/bimibaby.com\\\/privacy-policy\",\"url\":\"https:\\\/\\\/bimibaby.com\\\/privacy-policy\",\"name\":\"Privacy & Cookie Policy | Bimi\u00ae Baby Broccoli | Broccoli But Better\",\"isPartOf\":{\"@id\":\"https:\\\/\\\/bimibaby.com\\\/#website\"},\"datePublished\":\"2025-03-12T14:01:44+00:00\",\"dateModified\":\"2025-03-25T00:05:12+00:00\",\"breadcrumb\":{\"@id\":\"https:\\\/\\\/bimibaby.com\\\/privacy-policy#breadcrumb\"},\"inLanguage\":\"fr-CA\",\"potentialAction\":[{\"@type\":\"ReadAction\",\"target\":[\"https:\\\/\\\/bimibaby.com\\\/privacy-policy\"]}]},{\"@type\":\"BreadcrumbList\",\"@id\":\"https:\\\/\\\/bimibaby.com\\\/privacy-policy#breadcrumb\",\"itemListElement\":[{\"@type\":\"ListItem\",\"position\":1,\"name\":\"Home\",\"item\":\"https:\\\/\\\/bimibaby.com\\\/\"},{\"@type\":\"ListItem\",\"position\":2,\"name\":\"Privacy &#038; Cookie Policy\"}]},{\"@type\":\"WebSite\",\"@id\":\"https:\\\/\\\/bimibaby.com\\\/#website\",\"url\":\"https:\\\/\\\/bimibaby.com\\\/\",\"name\":\"Bimi\u00ae Baby Broccoli - US\",\"description\":\"The Original Baby Broccoli\",\"publisher\":{\"@id\":\"https:\\\/\\\/bimibaby.com\\\/#organization\"},\"potentialAction\":[{\"@type\":\"SearchAction\",\"target\":{\"@type\":\"EntryPoint\",\"urlTemplate\":\"https:\\\/\\\/bimibaby.com\\\/?s={search_term_string}\"},\"query-input\":{\"@type\":\"PropertyValueSpecification\",\"valueRequired\":true,\"valueName\":\"search_term_string\"}}],\"inLanguage\":\"fr-CA\"},{\"@type\":\"Organization\",\"@id\":\"https:\\\/\\\/bimibaby.com\\\/#organization\",\"name\":\"Bimi\u00ae Baby Broccoli - US\",\"url\":\"https:\\\/\\\/bimibaby.com\\\/\",\"logo\":{\"@type\":\"ImageObject\",\"inLanguage\":\"fr-CA\",\"@id\":\"https:\\\/\\\/bimibaby.com\\\/#\\\/schema\\\/logo\\\/image\\\/\",\"url\":\"https:\\\/\\\/bimibaby.com\\\/wp-content\\\/uploads\\\/2025\\\/03\\\/Bimi-Baby-Broccoli-Logo-Teal.svg\",\"contentUrl\":\"https:\\\/\\\/bimibaby.com\\\/wp-content\\\/uploads\\\/2025\\\/03\\\/Bimi-Baby-Broccoli-Logo-Teal.svg\",\"width\":300,\"height\":165,\"caption\":\"Bimi\u00ae Baby Broccoli - US\"},\"image\":{\"@id\":\"https:\\\/\\\/bimibaby.com\\\/#\\\/schema\\\/logo\\\/image\\\/\"},\"sameAs\":[\"https:\\\/\\\/www.facebook.com\\\/profile.php?id=61564549123971\",\"https:\\\/\\\/www.instagram.com\\\/bimi_us\\\/\"]}]}<\/script>\n<!-- \/ Yoast SEO plugin. -->","yoast_head_json":{"title":"Politique de confidentialit\u00e9 et de cookies | Bimi\u00ae Baby Broccoli | Le brocoli mais en mieux","robots":{"index":"index","follow":"follow","max-snippet":"max-snippet:-1","max-image-preview":"max-image-preview:large","max-video-preview":"max-video-preview:-1"},"canonical":"https:\/\/bimibaby.com\/fr\/politique-de-confidentialite\/","og_locale":"fr_CA","og_type":"article","og_title":"Privacy & Cookie Policy | Bimi\u00ae Baby Broccoli | Broccoli But Better","og_description":"Effective Date: April 1, 2025 Information We Collect We may collect the following personal information through forms on our website: Your name Your email address This information is collected when you voluntarily sign up for our newsletter or submit a contact form. We also collect non-personal information automatically through cookies and analytics tools, including: IP [&hellip;]","og_url":"https:\/\/bimibaby.com\/fr\/politique-de-confidentialite\/","og_site_name":"Bimi\u00ae Baby Broccoli | Broccoli But Better","article_publisher":"https:\/\/www.facebook.com\/profile.php?id=61564549123971","article_modified_time":"2025-03-25T00:05:12+00:00","twitter_card":"summary_large_image","twitter_misc":{"Estimation du temps de lecture":"2 minutes"},"schema":{"@context":"https:\/\/schema.org","@graph":[{"@type":"WebPage","@id":"https:\/\/bimibaby.com\/privacy-policy","url":"https:\/\/bimibaby.com\/privacy-policy","name":"Politique de confidentialit\u00e9 et de cookies | Bimi\u00ae Baby Broccoli | Le brocoli mais en mieux","isPartOf":{"@id":"https:\/\/bimibaby.com\/#website"},"datePublished":"2025-03-12T14:01:44+00:00","dateModified":"2025-03-25T00:05:12+00:00","breadcrumb":{"@id":"https:\/\/bimibaby.com\/privacy-policy#breadcrumb"},"inLanguage":"fr-CA","potentialAction":[{"@type":"ReadAction","target":["https:\/\/bimibaby.com\/privacy-policy"]}]},{"@type":"BreadcrumbList","@id":"https:\/\/bimibaby.com\/privacy-policy#breadcrumb","itemListElement":[{"@type":"ListItem","position":1,"name":"Home","item":"https:\/\/bimibaby.com\/"},{"@type":"ListItem","position":2,"name":"Privacy &#038; Cookie Policy"}]},{"@type":"WebSite","@id":"https:\/\/bimibaby.com\/#website","url":"https:\/\/bimibaby.com\/","name":"Bimi\u00ae Baby Broccoli - US","description":"L'original des petits brocolis","publisher":{"@id":"https:\/\/bimibaby.com\/#organization"},"potentialAction":[{"@type":"SearchAction","target":{"@type":"EntryPoint","urlTemplate":"https:\/\/bimibaby.com\/?s={search_term_string}"},"query-input":{"@type":"PropertyValueSpecification","valueRequired":true,"valueName":"search_term_string"}}],"inLanguage":"fr-CA"},{"@type":"Organization","@id":"https:\/\/bimibaby.com\/#organization","name":"Bimi\u00ae Baby Broccoli - US","url":"https:\/\/bimibaby.com\/","logo":{"@type":"ImageObject","inLanguage":"fr-CA","@id":"https:\/\/bimibaby.com\/#\/schema\/logo\/image\/","url":"https:\/\/bimibaby.com\/wp-content\/uploads\/2025\/03\/Bimi-Baby-Broccoli-Logo-Teal.svg","contentUrl":"https:\/\/bimibaby.com\/wp-content\/uploads\/2025\/03\/Bimi-Baby-Broccoli-Logo-Teal.svg","width":300,"height":165,"caption":"Bimi\u00ae Baby Broccoli - US"},"image":{"@id":"https:\/\/bimibaby.com\/#\/schema\/logo\/image\/"},"sameAs":["https:\/\/www.facebook.com\/profile.php?id=61564549123971","https:\/\/www.instagram.com\/bimi_us\/"]}]}},"_links":{"self":[{"href":"https:\/\/bimibaby.com\/fr\/wp-json\/wp\/v2\/pages\/3","targetHints":{"allow":["GET"]}}],"collection":[{"href":"https:\/\/bimibaby.com\/fr\/wp-json\/wp\/v2\/pages"}],"about":[{"href":"https:\/\/bimibaby.com\/fr\/wp-json\/wp\/v2\/types\/page"}],"author":[{"embeddable":true,"href":"https:\/\/bimibaby.com\/fr\/wp-json\/wp\/v2\/users\/1"}],"replies":[{"embeddable":true,"href":"https:\/\/bimibaby.com\/fr\/wp-json\/wp\/v2\/comments?post=3"}],"version-history":[{"count":0,"href":"https:\/\/bimibaby.com\/fr\/wp-json\/wp\/v2\/pages\/3\/revisions"}],"wp:attachment":[{"href":"https:\/\/bimibaby.com\/fr\/wp-json\/wp\/v2\/media?parent=3"}],"curies":[{"name":"wp","href":"https:\/\/api.w.org\/{rel}","templated":true}]}}