{"id":3,"date":"2025-03-12T14:01:44","date_gmt":"2025-03-12T14:01:44","guid":{"rendered":"http:\/\/bimibaby.com\/?page_id=3"},"modified":"2025-03-25T00:05:12","modified_gmt":"2025-03-25T00:05:12","slug":"politica-de-privacidad","status":"publish","type":"page","link":"https:\/\/bimibaby.com\/es\/privacy-policy","title":{"rendered":"Pol\u00edtica de privacidad y cookies"},"content":{"rendered":"<div data-elementor-type=\"wp-page\" data-elementor-id=\"3\" class=\"elementor elementor-3\" data-elementor-post-type=\"page\">\n\t\t\t\t<div class=\"elementor-element elementor-element-74947e48 e-flex e-con-boxed e-con e-parent\" data-id=\"74947e48\" data-element_type=\"container\" data-e-type=\"container\">\n\t\t\t\t\t<div class=\"e-con-inner\">\n\t\t\t\t<div class=\"elementor-element elementor-element-e2b1ee5 elementor-widget elementor-widget-heading\" data-id=\"e2b1ee5\" data-element_type=\"widget\" data-e-type=\"widget\" data-widget_type=\"heading.default\">\n\t\t\t\t<div class=\"elementor-widget-container\">\n\t\t\t\t\t<span class=\"elementor-heading-title elementor-size-default\">Fecha de entrada en vigor: 1 de abril de 2025<\/span>\t\t\t\t<\/div>\n\t\t\t\t<\/div>\n\t\t\t\t<div class=\"elementor-element elementor-element-cddc88a elementor-widget elementor-widget-heading\" data-id=\"cddc88a\" data-element_type=\"widget\" data-e-type=\"widget\" data-widget_type=\"heading.default\">\n\t\t\t\t<div class=\"elementor-widget-container\">\n\t\t\t\t\t<h2 class=\"elementor-heading-title elementor-size-default\">Informaci\u00f3n que recopilamos<\/h2>\t\t\t\t<\/div>\n\t\t\t\t<\/div>\n\t\t\t\t<div class=\"elementor-element elementor-element-78e83e94 elementor-widget elementor-widget-text-editor\" data-id=\"78e83e94\" data-element_type=\"widget\" data-e-type=\"widget\" data-widget_type=\"text-editor.default\">\n\t\t\t\t<div class=\"elementor-widget-container\">\n\t\t\t\t\t\t\t\t\t\n<p>Podemos recopilar la siguiente informaci\u00f3n personal a trav\u00e9s de formularios en nuestro sitio web:<\/p>\n<ul>\n<li>Su nombre<\/li>\n<li>Su direcci\u00f3n de correo electr\u00f3nico<\/li>\n<\/ul>\n<p>Esta informaci\u00f3n se recoge cuando usted se suscribe voluntariamente a nuestro bolet\u00edn de noticias o env\u00eda un formulario de contacto.<\/p>\n<p>Tambi\u00e9n recopilamos informaci\u00f3n no personal de forma autom\u00e1tica a trav\u00e9s de cookies y herramientas de an\u00e1lisis, incluyendo:<\/p>\n<ul>\n<li>Direcci\u00f3n IP<\/li>\n<li>Tipo de navegador<\/li>\n<li>P\u00e1ginas visitadas<\/li>\n<li>Tiempo pasado in situ<\/li>\n<\/ul>\t\t\t\t\t\t\t\t<\/div>\n\t\t\t\t<\/div>\n\t\t\t\t<div class=\"elementor-element elementor-element-567cc7e elementor-widget elementor-widget-heading\" data-id=\"567cc7e\" data-element_type=\"widget\" data-e-type=\"widget\" data-widget_type=\"heading.default\">\n\t\t\t\t<div class=\"elementor-widget-container\">\n\t\t\t\t\t<h2 class=\"elementor-heading-title elementor-size-default\">C\u00f3mo utilizamos su informaci\u00f3n<\/h2>\t\t\t\t<\/div>\n\t\t\t\t<\/div>\n\t\t\t\t<div class=\"elementor-element elementor-element-b4d190c elementor-widget elementor-widget-text-editor\" data-id=\"b4d190c\" data-element_type=\"widget\" data-e-type=\"widget\" data-widget_type=\"text-editor.default\">\n\t\t\t\t<div class=\"elementor-widget-container\">\n\t\t\t\t\t\t\t\t\t<p>Utilizamos su informaci\u00f3n personal para:<\/p>\n<ul>\n<li>Enviarle boletines y actualizaciones por correo electr\u00f3nico<\/li>\n<li>Responder a las consultas o mensajes que nos env\u00ede a trav\u00e9s de nuestro formulario de contacto<\/li>\n<li>Mejorar el rendimiento y la facilidad de uso de nuestro sitio web mediante an\u00e1lisis<\/li>\n<\/ul>\t\t\t\t\t\t\t\t<\/div>\n\t\t\t\t<\/div>\n\t\t\t\t<div class=\"elementor-element elementor-element-2010f5f elementor-widget elementor-widget-heading\" data-id=\"2010f5f\" data-element_type=\"widget\" data-e-type=\"widget\" data-widget_type=\"heading.default\">\n\t\t\t\t<div class=\"elementor-widget-container\">\n\t\t\t\t\t<h2 class=\"elementor-heading-title elementor-size-default\">Marketing por correo electr\u00f3nico<\/h2>\t\t\t\t<\/div>\n\t\t\t\t<\/div>\n\t\t\t\t<div class=\"elementor-element elementor-element-ab01cbd elementor-widget elementor-widget-text-editor\" data-id=\"ab01cbd\" data-element_type=\"widget\" data-e-type=\"widget\" data-widget_type=\"text-editor.default\">\n\t\t\t\t<div class=\"elementor-widget-container\">\n\t\t\t\t\t\t\t\t\t<p>Si opta por recibir nuestros correos electr\u00f3nicos, su informaci\u00f3n se almacenar\u00e1 de forma segura a trav\u00e9s de Mailchimp.<\/p>\n<p>Puede darse de baja en cualquier momento haciendo clic en el enlace que aparece al final de cualquier correo electr\u00f3nico o poni\u00e9ndose en contacto con nosotros en <a href=\"mailto:info.usa@bimibroccoli.com\" target=\"_blank\" rel=\"noopener\">info.usa@bimibroccoli.com<\/a>.<\/p>\t\t\t\t\t\t\t\t<\/div>\n\t\t\t\t<\/div>\n\t\t\t\t<div class=\"elementor-element elementor-element-2bd645f elementor-widget elementor-widget-heading\" data-id=\"2bd645f\" data-element_type=\"widget\" data-e-type=\"widget\" data-widget_type=\"heading.default\">\n\t\t\t\t<div class=\"elementor-widget-container\">\n\t\t\t\t\t<h2 class=\"elementor-heading-title elementor-size-default\">Cookies y tecnolog\u00edas de seguimiento<\/h2>\t\t\t\t<\/div>\n\t\t\t\t<\/div>\n\t\t\t\t<div class=\"elementor-element elementor-element-717be60 elementor-widget elementor-widget-text-editor\" data-id=\"717be60\" data-element_type=\"widget\" data-e-type=\"widget\" data-widget_type=\"text-editor.default\">\n\t\t\t\t<div class=\"elementor-widget-container\">\n\t\t\t\t\t\t\t\t\t<p>Nuestro sitio web utiliza cookies para mejorar su experiencia de navegaci\u00f3n y ayudarnos a comprender c\u00f3mo interact\u00faan los visitantes con el sitio.<\/p>\n<p>Podemos utilizar lo siguiente:<\/p>\n<ul>\n<li>Google Analytics: para recopilar datos de uso an\u00f3nimos con el fin de mejorar el rendimiento del sitio.<\/li>\n<li>Meta p\u00edxel: para medir la eficacia de los anuncios en redes sociales y reorientar el contenido.<\/li>\n<\/ul>\n<p>Al utilizar nuestro sitio, usted acepta la colocaci\u00f3n de cookies en su dispositivo. Puede gestionar o desactivar las cookies en la configuraci\u00f3n de su navegador.<\/p>\t\t\t\t\t\t\t\t<\/div>\n\t\t\t\t<\/div>\n\t\t\t\t<div class=\"elementor-element elementor-element-9cb5a5e elementor-widget elementor-widget-heading\" data-id=\"9cb5a5e\" data-element_type=\"widget\" data-e-type=\"widget\" data-widget_type=\"heading.default\">\n\t\t\t\t<div class=\"elementor-widget-container\">\n\t\t\t\t\t<h2 class=\"elementor-heading-title elementor-size-default\">Intercambio de datos y seguridad<\/h2>\t\t\t\t<\/div>\n\t\t\t\t<\/div>\n\t\t\t\t<div class=\"elementor-element elementor-element-3a35b0f elementor-widget elementor-widget-text-editor\" data-id=\"3a35b0f\" data-element_type=\"widget\" data-e-type=\"widget\" data-widget_type=\"text-editor.default\">\n\t\t\t\t<div class=\"elementor-widget-container\">\n\t\t\t\t\t\t\t\t\t<p>No vendemos, alquilamos ni compartimos su informaci\u00f3n personal con terceros.<\/p>\n<p>Tomamos medidas razonables para proteger sus datos contra el acceso, la alteraci\u00f3n o la divulgaci\u00f3n no autorizados.<\/p>\t\t\t\t\t\t\t\t<\/div>\n\t\t\t\t<\/div>\n\t\t\t\t<div class=\"elementor-element elementor-element-d95a14c elementor-widget elementor-widget-heading\" data-id=\"d95a14c\" data-element_type=\"widget\" data-e-type=\"widget\" data-widget_type=\"heading.default\">\n\t\t\t\t<div class=\"elementor-widget-container\">\n\t\t\t\t\t<h2 class=\"elementor-heading-title elementor-size-default\">Sus derechos<\/h2>\t\t\t\t<\/div>\n\t\t\t\t<\/div>\n\t\t\t\t<div class=\"elementor-element elementor-element-accbd8f elementor-widget elementor-widget-text-editor\" data-id=\"accbd8f\" data-element_type=\"widget\" data-e-type=\"widget\" data-widget_type=\"text-editor.default\">\n\t\t\t\t<div class=\"elementor-widget-container\">\n\t\t\t\t\t\t\t\t\t<p>Tienes derecho a:<\/p>\n<ul>\n<li>Solicitar acceso a sus datos personales<\/li>\n<li>Pedirnos que corrijamos o eliminemos su informaci\u00f3n<\/li>\n<li>Darse de baja de los correos electr\u00f3nicos publicitarios en cualquier momento<\/li>\n<\/ul>\n<p>Para hacer una solicitud, p\u00f3ngase en contacto con nosotros en <a href=\"mailto:info.usa@bimibroccoli.com\" target=\"_blank\" rel=\"noopener\">info.usa@bimibroccoli.com<\/a>.<\/p>\t\t\t\t\t\t\t\t<\/div>\n\t\t\t\t<\/div>\n\t\t\t\t<div class=\"elementor-element elementor-element-6f70d15 elementor-widget elementor-widget-heading\" data-id=\"6f70d15\" data-element_type=\"widget\" data-e-type=\"widget\" data-widget_type=\"heading.default\">\n\t\t\t\t<div class=\"elementor-widget-container\">\n\t\t\t\t\t<h2 class=\"elementor-heading-title elementor-size-default\">Cambios en esta pol\u00edtica<\/h2>\t\t\t\t<\/div>\n\t\t\t\t<\/div>\n\t\t\t\t<div class=\"elementor-element elementor-element-dcc21bb elementor-widget elementor-widget-text-editor\" data-id=\"dcc21bb\" data-element_type=\"widget\" data-e-type=\"widget\" data-widget_type=\"text-editor.default\">\n\t\t\t\t<div class=\"elementor-widget-container\">\n\t\t\t\t\t\t\t\t\t<p>Podemos actualizar esta Pol\u00edtica de Privacidad y Cookies de vez en cuando. Los cambios se publicar\u00e1n en esta p\u00e1gina con una fecha de entrada en vigor actualizada.<\/p>\t\t\t\t\t\t\t\t<\/div>\n\t\t\t\t<\/div>\n\t\t\t\t<div class=\"elementor-element elementor-element-fe26ad4 elementor-widget elementor-widget-heading\" data-id=\"fe26ad4\" data-element_type=\"widget\" data-e-type=\"widget\" data-widget_type=\"heading.default\">\n\t\t\t\t<div class=\"elementor-widget-container\">\n\t\t\t\t\t<h2 class=\"elementor-heading-title elementor-size-default\">Condiciones generales<\/h2>\t\t\t\t<\/div>\n\t\t\t\t<\/div>\n\t\t\t\t<div class=\"elementor-element elementor-element-6add561 elementor-widget elementor-widget-text-editor\" data-id=\"6add561\" data-element_type=\"widget\" data-e-type=\"widget\" data-widget_type=\"text-editor.default\">\n\t\t\t\t<div class=\"elementor-widget-container\">\n\t\t\t\t\t\t\t\t\t<p>Al utilizar el sitio web de Bimi\u00ae, usted acepta lo siguiente:<\/p>\n<ul>\n<li>No utilizar\u00e1 indebidamente, copiar\u00e1 ni volver\u00e1 a publicar contenidos sin autorizaci\u00f3n.<\/li>\n<li>El env\u00edo de sus datos a trav\u00e9s de nuestros formularios de contacto o del bolet\u00edn de noticias nos autoriza a ponernos en contacto con usted por correo electr\u00f3nico.<\/li>\n<li>Puede darse de baja de las comunicaciones en cualquier momento.<\/li>\n<\/ul>\n<p>\u00a0<\/p>\n<p>Si tiene preguntas sobre estas condiciones o su privacidad, p\u00f3ngase en contacto con nosotros en <a href=\"mailto:info.usa@bimibroccoli.com\" target=\"_blank\" rel=\"noopener\">info.usa@bimibroccoli.com<\/a>.<\/p>\t\t\t\t\t\t\t\t<\/div>\n\t\t\t\t<\/div>\n\t\t\t\t\t<\/div>\n\t\t\t\t<\/div>\n\t\t\t\t<\/div>","protected":false},"excerpt":{"rendered":"<p>Effective Date: April 1, 2025 Information We Collect We may collect the following personal information through forms on our website: Your name Your email address This information is collected when you voluntarily sign up for our newsletter or submit a contact form. We also collect non-personal information automatically through cookies and analytics tools, including: IP [&hellip;]<\/p>\n","protected":false},"author":1,"featured_media":0,"parent":0,"menu_order":0,"comment_status":"closed","ping_status":"closed","template":"","meta":{"_acf_changed":false,"inline_featured_image":false,"footnotes":""},"class_list":["post-3","page","type-page","status-publish","hentry"],"acf":[],"yoast_head":"<!-- This site is optimized with the Yoast SEO plugin v27.5 - https:\/\/yoast.com\/product\/yoast-seo-wordpress\/ -->\n<title>Privacy &amp; Cookie Policy | Bimi\u00ae Baby Broccoli | Broccoli But Better<\/title>\n<meta name=\"robots\" content=\"index, follow, max-snippet:-1, max-image-preview:large, max-video-preview:-1\" \/>\n<link rel=\"canonical\" href=\"https:\/\/bimibaby.com\/es\/politica-de-privacidad\/\" \/>\n<meta property=\"og:locale\" content=\"es_ES\" \/>\n<meta property=\"og:type\" content=\"article\" \/>\n<meta property=\"og:title\" content=\"Privacy &amp; Cookie Policy | Bimi\u00ae Baby Broccoli | Broccoli But Better\" \/>\n<meta property=\"og:description\" content=\"Effective Date: April 1, 2025 Information We Collect We may collect the following personal information through forms on our website: Your name Your email address This information is collected when you voluntarily sign up for our newsletter or submit a contact form. We also collect non-personal information automatically through cookies and analytics tools, including: IP [&hellip;]\" \/>\n<meta property=\"og:url\" content=\"https:\/\/bimibaby.com\/es\/politica-de-privacidad\/\" \/>\n<meta property=\"og:site_name\" content=\"Bimi\u00ae Baby Broccoli | Broccoli But Better\" \/>\n<meta property=\"article:publisher\" content=\"https:\/\/www.facebook.com\/profile.php?id=61564549123971\" \/>\n<meta property=\"article:modified_time\" content=\"2025-03-25T00:05:12+00:00\" \/>\n<meta name=\"twitter:card\" content=\"summary_large_image\" \/>\n<meta name=\"twitter:label1\" content=\"Tiempo de lectura\" \/>\n\t<meta name=\"twitter:data1\" content=\"2 minutos\" \/>\n<script type=\"application\/ld+json\" class=\"yoast-schema-graph\">{\"@context\":\"https:\\\/\\\/schema.org\",\"@graph\":[{\"@type\":\"WebPage\",\"@id\":\"https:\\\/\\\/bimibaby.com\\\/privacy-policy\",\"url\":\"https:\\\/\\\/bimibaby.com\\\/privacy-policy\",\"name\":\"Privacy & Cookie Policy | Bimi\u00ae Baby Broccoli | Broccoli But Better\",\"isPartOf\":{\"@id\":\"https:\\\/\\\/bimibaby.com\\\/#website\"},\"datePublished\":\"2025-03-12T14:01:44+00:00\",\"dateModified\":\"2025-03-25T00:05:12+00:00\",\"breadcrumb\":{\"@id\":\"https:\\\/\\\/bimibaby.com\\\/privacy-policy#breadcrumb\"},\"inLanguage\":\"es\",\"potentialAction\":[{\"@type\":\"ReadAction\",\"target\":[\"https:\\\/\\\/bimibaby.com\\\/privacy-policy\"]}]},{\"@type\":\"BreadcrumbList\",\"@id\":\"https:\\\/\\\/bimibaby.com\\\/privacy-policy#breadcrumb\",\"itemListElement\":[{\"@type\":\"ListItem\",\"position\":1,\"name\":\"Home\",\"item\":\"https:\\\/\\\/bimibaby.com\\\/\"},{\"@type\":\"ListItem\",\"position\":2,\"name\":\"Privacy &#038; Cookie Policy\"}]},{\"@type\":\"WebSite\",\"@id\":\"https:\\\/\\\/bimibaby.com\\\/#website\",\"url\":\"https:\\\/\\\/bimibaby.com\\\/\",\"name\":\"Bimi\u00ae Baby Broccoli - US\",\"description\":\"The Original Baby Broccoli\",\"publisher\":{\"@id\":\"https:\\\/\\\/bimibaby.com\\\/#organization\"},\"potentialAction\":[{\"@type\":\"SearchAction\",\"target\":{\"@type\":\"EntryPoint\",\"urlTemplate\":\"https:\\\/\\\/bimibaby.com\\\/?s={search_term_string}\"},\"query-input\":{\"@type\":\"PropertyValueSpecification\",\"valueRequired\":true,\"valueName\":\"search_term_string\"}}],\"inLanguage\":\"es\"},{\"@type\":\"Organization\",\"@id\":\"https:\\\/\\\/bimibaby.com\\\/#organization\",\"name\":\"Bimi\u00ae Baby Broccoli - US\",\"url\":\"https:\\\/\\\/bimibaby.com\\\/\",\"logo\":{\"@type\":\"ImageObject\",\"inLanguage\":\"es\",\"@id\":\"https:\\\/\\\/bimibaby.com\\\/#\\\/schema\\\/logo\\\/image\\\/\",\"url\":\"https:\\\/\\\/bimibaby.com\\\/wp-content\\\/uploads\\\/2025\\\/03\\\/Bimi-Baby-Broccoli-Logo-Teal.svg\",\"contentUrl\":\"https:\\\/\\\/bimibaby.com\\\/wp-content\\\/uploads\\\/2025\\\/03\\\/Bimi-Baby-Broccoli-Logo-Teal.svg\",\"width\":300,\"height\":165,\"caption\":\"Bimi\u00ae Baby Broccoli - US\"},\"image\":{\"@id\":\"https:\\\/\\\/bimibaby.com\\\/#\\\/schema\\\/logo\\\/image\\\/\"},\"sameAs\":[\"https:\\\/\\\/www.facebook.com\\\/profile.php?id=61564549123971\",\"https:\\\/\\\/www.instagram.com\\\/bimi_us\\\/\"]}]}<\/script>\n<!-- \/ Yoast SEO plugin. -->","yoast_head_json":{"title":"Pol\u00edtica de Privacidad y Cookies | Bimi\u00ae Baby Broccoli | Br\u00f3coli Pero Mejor","robots":{"index":"index","follow":"follow","max-snippet":"max-snippet:-1","max-image-preview":"max-image-preview:large","max-video-preview":"max-video-preview:-1"},"canonical":"https:\/\/bimibaby.com\/es\/politica-de-privacidad\/","og_locale":"es_ES","og_type":"article","og_title":"Privacy & Cookie Policy | Bimi\u00ae Baby Broccoli | Broccoli But Better","og_description":"Effective Date: April 1, 2025 Information We Collect We may collect the following personal information through forms on our website: Your name Your email address This information is collected when you voluntarily sign up for our newsletter or submit a contact form. We also collect non-personal information automatically through cookies and analytics tools, including: IP [&hellip;]","og_url":"https:\/\/bimibaby.com\/es\/politica-de-privacidad\/","og_site_name":"Bimi\u00ae Baby Broccoli | Broccoli But Better","article_publisher":"https:\/\/www.facebook.com\/profile.php?id=61564549123971","article_modified_time":"2025-03-25T00:05:12+00:00","twitter_card":"summary_large_image","twitter_misc":{"Tiempo de lectura":"2 minutos"},"schema":{"@context":"https:\/\/schema.org","@graph":[{"@type":"WebPage","@id":"https:\/\/bimibaby.com\/privacy-policy","url":"https:\/\/bimibaby.com\/privacy-policy","name":"Pol\u00edtica de Privacidad y Cookies | Bimi\u00ae Baby Broccoli | Br\u00f3coli Pero Mejor","isPartOf":{"@id":"https:\/\/bimibaby.com\/#website"},"datePublished":"2025-03-12T14:01:44+00:00","dateModified":"2025-03-25T00:05:12+00:00","breadcrumb":{"@id":"https:\/\/bimibaby.com\/privacy-policy#breadcrumb"},"inLanguage":"es","potentialAction":[{"@type":"ReadAction","target":["https:\/\/bimibaby.com\/privacy-policy"]}]},{"@type":"BreadcrumbList","@id":"https:\/\/bimibaby.com\/privacy-policy#breadcrumb","itemListElement":[{"@type":"ListItem","position":1,"name":"Home","item":"https:\/\/bimibaby.com\/"},{"@type":"ListItem","position":2,"name":"Privacy &#038; Cookie Policy"}]},{"@type":"WebSite","@id":"https:\/\/bimibaby.com\/#website","url":"https:\/\/bimibaby.com\/","name":"Bimi\u00ae Baby Broccoli - US","description":"El Original Br\u00f3coli Beb\u00e9","publisher":{"@id":"https:\/\/bimibaby.com\/#organization"},"potentialAction":[{"@type":"SearchAction","target":{"@type":"EntryPoint","urlTemplate":"https:\/\/bimibaby.com\/?s={search_term_string}"},"query-input":{"@type":"PropertyValueSpecification","valueRequired":true,"valueName":"search_term_string"}}],"inLanguage":"es"},{"@type":"Organization","@id":"https:\/\/bimibaby.com\/#organization","name":"Bimi\u00ae Baby Broccoli - US","url":"https:\/\/bimibaby.com\/","logo":{"@type":"ImageObject","inLanguage":"es","@id":"https:\/\/bimibaby.com\/#\/schema\/logo\/image\/","url":"https:\/\/bimibaby.com\/wp-content\/uploads\/2025\/03\/Bimi-Baby-Broccoli-Logo-Teal.svg","contentUrl":"https:\/\/bimibaby.com\/wp-content\/uploads\/2025\/03\/Bimi-Baby-Broccoli-Logo-Teal.svg","width":300,"height":165,"caption":"Bimi\u00ae Baby Broccoli - US"},"image":{"@id":"https:\/\/bimibaby.com\/#\/schema\/logo\/image\/"},"sameAs":["https:\/\/www.facebook.com\/profile.php?id=61564549123971","https:\/\/www.instagram.com\/bimi_us\/"]}]}},"_links":{"self":[{"href":"https:\/\/bimibaby.com\/es\/wp-json\/wp\/v2\/pages\/3","targetHints":{"allow":["GET"]}}],"collection":[{"href":"https:\/\/bimibaby.com\/es\/wp-json\/wp\/v2\/pages"}],"about":[{"href":"https:\/\/bimibaby.com\/es\/wp-json\/wp\/v2\/types\/page"}],"author":[{"embeddable":true,"href":"https:\/\/bimibaby.com\/es\/wp-json\/wp\/v2\/users\/1"}],"replies":[{"embeddable":true,"href":"https:\/\/bimibaby.com\/es\/wp-json\/wp\/v2\/comments?post=3"}],"version-history":[{"count":0,"href":"https:\/\/bimibaby.com\/es\/wp-json\/wp\/v2\/pages\/3\/revisions"}],"wp:attachment":[{"href":"https:\/\/bimibaby.com\/es\/wp-json\/wp\/v2\/media?parent=3"}],"curies":[{"name":"wp","href":"https:\/\/api.w.org\/{rel}","templated":true}]}}