{"id":1876,"date":"2025-06-10T23:19:32","date_gmt":"2025-06-10T23:19:32","guid":{"rendered":"https:\/\/bimibaby.com\/?page_id=1876"},"modified":"2025-06-18T17:54:15","modified_gmt":"2025-06-18T17:54:15","slug":"el-verano-empieza-con-brocoli-baby-bimi","status":"publish","type":"page","link":"https:\/\/bimibaby.com\/es\/summer-sizzle-starts-with-bimi-baby-broccoli","title":{"rendered":"El verano empieza con Bimi<sup>\u00ae<\/sup> Br\u00f3coli"},"content":{"rendered":"<div data-elementor-type=\"wp-page\" data-elementor-id=\"1876\" class=\"elementor elementor-1876\" data-elementor-post-type=\"page\">\n\t\t\t\t<div class=\"elementor-element elementor-element-1b999826 e-con-full e-flex e-con e-parent\" data-id=\"1b999826\" data-element_type=\"container\" data-e-type=\"container\" data-settings=\"{&quot;background_background&quot;:&quot;classic&quot;,&quot;shape_divider_bottom&quot;:&quot;curve-asymmetrical&quot;,&quot;shape_divider_bottom_negative&quot;:&quot;yes&quot;}\">\n\t\t\t\t<div class=\"elementor-shape elementor-shape-bottom\" aria-hidden=\"true\" data-negative=\"true\">\n\t\t\t<svg xmlns=\"http:\/\/www.w3.org\/2000\/svg\" viewbox=\"0 0 1000 100\" preserveaspectratio=\"none\">\n\t<path class=\"elementor-shape-fill\" d=\"M615.2,96.7C240.2,97.8,0,18.9,0,0v100h1000V0C1000,19.2,989.8,96,615.2,96.7z\"\/>\n<\/svg>\t\t<\/div>\n\t\t<div class=\"elementor-element elementor-element-7c6ddc81 e-flex e-con-boxed e-con e-child\" data-id=\"7c6ddc81\" data-element_type=\"container\" data-e-type=\"container\">\n\t\t\t\t\t<div class=\"e-con-inner\">\n\t\t<div class=\"elementor-element elementor-element-7e169559 e-con-full e-flex e-con e-child\" data-id=\"7e169559\" data-element_type=\"container\" data-e-type=\"container\">\n\t\t\t\t<div class=\"elementor-element elementor-element-7a65bd22 elementor-widget__width-initial elementor-widget elementor-widget-heading\" data-id=\"7a65bd22\" data-element_type=\"widget\" data-e-type=\"widget\" data-widget_type=\"heading.default\">\n\t\t\t\t<div class=\"elementor-widget-container\">\n\t\t\t\t\t<h1 class=\"elementor-heading-title elementor-size-default\">El verano empieza con Bimi<sup>\u00ae<\/sup> Br\u00f3coli<\/h1>\t\t\t\t<\/div>\n\t\t\t\t<\/div>\n\t\t\t\t<\/div>\n\t\t\t\t\t<\/div>\n\t\t\t\t<\/div>\n\t\t\t\t<\/div>\n\t\t<div class=\"elementor-element elementor-element-1df21d74 e-con-full e-flex e-con e-parent\" data-id=\"1df21d74\" data-element_type=\"container\" data-e-type=\"container\">\n\t\t<div class=\"elementor-element elementor-element-1115aa7a e-flex e-con-boxed e-con e-child\" data-id=\"1115aa7a\" data-element_type=\"container\" data-e-type=\"container\">\n\t\t\t\t\t<div class=\"e-con-inner\">\n\t\t\t\t<div class=\"elementor-element elementor-element-10a716a8 elementor-widget__width-initial elementor-widget elementor-widget-heading\" data-id=\"10a716a8\" data-element_type=\"widget\" data-e-type=\"widget\" data-widget_type=\"heading.default\">\n\t\t\t\t<div class=\"elementor-widget-container\">\n\t\t\t\t\t<h2 class=\"elementor-heading-title elementor-size-default\">Gana una freidora de aire Breville y ponte a cocinar<\/h2>\t\t\t\t<\/div>\n\t\t\t\t<\/div>\n\t\t\t\t<div class=\"elementor-element elementor-element-5683d4e elementor-widget-divider--view-line elementor-widget elementor-widget-divider\" data-id=\"5683d4e\" data-element_type=\"widget\" data-e-type=\"widget\" data-widget_type=\"divider.default\">\n\t\t\t\t<div class=\"elementor-widget-container\">\n\t\t\t\t\t\t\t<div class=\"elementor-divider\">\n\t\t\t<span class=\"elementor-divider-separator\">\n\t\t\t\t\t\t<\/span>\n\t\t<\/div>\n\t\t\t\t\t\t<\/div>\n\t\t\t\t<\/div>\n\t\t\t\t<div class=\"elementor-element elementor-element-e18a282 elementor-widget__width-initial elementor-widget elementor-widget-text-editor\" data-id=\"e18a282\" data-element_type=\"widget\" data-e-type=\"widget\" data-widget_type=\"text-editor.default\">\n\t\t\t\t<div class=\"elementor-widget-container\">\n\t\t\t\t\t\t\t\t\t<p>El verano est\u00e1 a punto de ponerse serio\u00a0<i>tallo<\/i>sacional con Bimi<sup>\u00ae<\/sup> Br\u00f3coli beb\u00e9 en la mezcla. No se trata de un acompa\u00f1ante verde corriente, sino de un producto naturalmente nutritivo y muy sabroso.<\/p><p>Bimi\u00ae se convertir\u00e1 en su nueva obsesi\u00f3n vegetariana: \u00a1adel\u00e1ntese a la tendencia y pruebe aquello de lo que todo el mundo hablar\u00e1!<\/p><p>Participa para tener la oportunidad de ganar uno de\u00a0<strong>5 freidoras de aire Breville<\/strong>\u00a0y un cargamento de\u00a0<strong>Bimi<sup>\u00ae<\/sup> Br\u00f3coli<\/strong>\u00a0para que pruebes por ti mismo lo f\u00e1cil y delicioso que puede ser el br\u00f3coli baby.<\/p>\t\t\t\t\t\t\t\t<\/div>\n\t\t\t\t<\/div>\n\t\t\t\t<div class=\"elementor-element elementor-element-961e2ff elementor-widget__width-initial elementor-widget elementor-widget-heading\" data-id=\"961e2ff\" data-element_type=\"widget\" data-e-type=\"widget\" data-widget_type=\"heading.default\">\n\t\t\t\t<div class=\"elementor-widget-container\">\n\t\t\t\t\t<h3 class=\"elementor-heading-title elementor-size-default\">Premios<\/h3>\t\t\t\t<\/div>\n\t\t\t\t<\/div>\n\t\t\t\t<div class=\"elementor-element elementor-element-3e6cf6f elementor-widget__width-initial elementor-widget elementor-widget-text-editor\" data-id=\"3e6cf6f\" data-element_type=\"widget\" data-e-type=\"widget\" data-widget_type=\"text-editor.default\">\n\t\t\t\t<div class=\"elementor-widget-container\">\n\t\t\t\t\t\t\t\t\t<p><a href=\"https:\/\/www.williams-sonoma.com\/products\/breville-smart-oven-air-fryer-brass\/?subGroupId=breville-smart-oven-air-fryer-brass-SPAF-color-green\" target=\"_blank\" rel=\"noopener\">Freidora de Aire Breville en Tapendade &amp; Grass<\/a> (valor $399)<\/p><p>Env\u00edo de Bimi<sup>\u00ae<\/sup> Br\u00f3coli baby (valor $50)<\/p>\t\t\t\t\t\t\t\t<\/div>\n\t\t\t\t<\/div>\n\t\t\t\t<div class=\"elementor-element elementor-element-2f3c74b gallery-spacing-custom elementor-widget__width-initial elementor-widget elementor-widget-image-gallery\" data-id=\"2f3c74b\" data-element_type=\"widget\" data-e-type=\"widget\" data-widget_type=\"image-gallery.default\">\n\t\t\t\t<div class=\"elementor-widget-container\">\n\t\t\t\t\t\t\t<div class=\"elementor-image-gallery\">\n\t\t\t<div id='gallery-1' class='gallery galleryid-1876 gallery-columns-2 gallery-size-large'><figure class='gallery-item'>\n\t\t\t<div class='gallery-icon landscape'>\n\t\t\t\t<a data-elementor-open-lightbox=\"yes\" data-elementor-lightbox-slideshow=\"2f3c74b\" data-elementor-lightbox-title=\"Bimi\u00ae Baby Broccoli on Cutting Board Overhead\" data-e-action-hash=\"#elementor-action%3Aaction%3Dlightbox%26settings%3DeyJpZCI6MTg4MSwidXJsIjoiaHR0cHM6XC9cL2JpbWliYWJ5LmNvbVwvd3AtY29udGVudFwvdXBsb2Fkc1wvMjAyNVwvMDZcL0JpbWlcdTAwYWUtQmFieS1Ccm9jY29saS1vbi1DdXR0aW5nLUJvYXJkLU92ZXJoZWFkLndlYnAiLCJzbGlkZXNob3ciOiIyZjNjNzRiIn0%3D\" href='https:\/\/bimibaby.com\/wp-content\/uploads\/2025\/06\/Bimi\u00ae-Baby-Broccoli-on-Cutting-Board-Overhead.webp'><img fetchpriority=\"high\" width=\"800\" height=\"534\" src=\"https:\/\/bimibaby.com\/wp-content\/uploads\/2025\/06\/Bimi\u00ae-Baby-Broccoli-on-Cutting-Board-Overhead-1024x683.webp\" class=\"attachment-large size-large\" alt=\"Bimi\u00ae Baby Broccoli en tabla de cortar por encima de la cabeza\" decoding=\"async\" srcset=\"https:\/\/bimibaby.com\/wp-content\/uploads\/2025\/06\/Bimi\u00ae-Baby-Broccoli-on-Cutting-Board-Overhead-1024x683.webp 1024w, https:\/\/bimibaby.com\/wp-content\/uploads\/2025\/06\/Bimi\u00ae-Baby-Broccoli-on-Cutting-Board-Overhead-300x200.webp 300w, https:\/\/bimibaby.com\/wp-content\/uploads\/2025\/06\/Bimi\u00ae-Baby-Broccoli-on-Cutting-Board-Overhead-768x512.webp 768w, https:\/\/bimibaby.com\/wp-content\/uploads\/2025\/06\/Bimi\u00ae-Baby-Broccoli-on-Cutting-Board-Overhead.webp 1080w\" sizes=\"(max-width: 800px) 100vw, 800px\" \/><\/a>\n\t\t\t<\/div><\/figure><figure class='gallery-item'>\n\t\t\t<div class='gallery-icon landscape'>\n\t\t\t\t<a data-elementor-open-lightbox=\"yes\" data-elementor-lightbox-slideshow=\"2f3c74b\" data-elementor-lightbox-title=\"Air fryer\" data-e-action-hash=\"#elementor-action%3Aaction%3Dlightbox%26settings%3DeyJpZCI6MTg4MiwidXJsIjoiaHR0cHM6XC9cL2JpbWliYWJ5LmNvbVwvd3AtY29udGVudFwvdXBsb2Fkc1wvMjAyNVwvMDZcL0Fpci1mcnllci53ZWJwIiwic2xpZGVzaG93IjoiMmYzYzc0YiJ9\" href='https:\/\/bimibaby.com\/wp-content\/uploads\/2025\/06\/Air-fryer.webp'><img width=\"800\" height=\"534\" src=\"https:\/\/bimibaby.com\/wp-content\/uploads\/2025\/06\/Air-fryer-1024x683.webp\" class=\"attachment-large size-large\" alt=\"Freidora de aire\" decoding=\"async\" srcset=\"https:\/\/bimibaby.com\/wp-content\/uploads\/2025\/06\/Air-fryer-1024x683.webp 1024w, https:\/\/bimibaby.com\/wp-content\/uploads\/2025\/06\/Air-fryer-300x200.webp 300w, https:\/\/bimibaby.com\/wp-content\/uploads\/2025\/06\/Air-fryer-768x512.webp 768w, https:\/\/bimibaby.com\/wp-content\/uploads\/2025\/06\/Air-fryer.webp 1080w\" sizes=\"(max-width: 800px) 100vw, 800px\" \/><\/a>\n\t\t\t<\/div><\/figure>\n\t\t<\/div>\n\t\t<\/div>\n\t\t\t\t\t\t<\/div>\n\t\t\t\t<\/div>\n\t\t\t\t<div class=\"elementor-element elementor-element-111f8cb elementor-widget__width-initial elementor-widget elementor-widget-html\" data-id=\"111f8cb\" data-element_type=\"widget\" data-e-type=\"widget\" id=\"promotions-iframe\" data-widget_type=\"html.default\">\n\t\t\t\t<div class=\"elementor-widget-container\">\n\t\t\t\t\t<iframe src=\"https:\/\/hub.sweeppea.com\/f?tkn=a578a0c5-9cc5-4be2-b898-8648310abe51\" name=\"sp-entry-page-frame\" scrolling=\"yes\" frameborder=\"0\" marginheight=\"0px\" marginwidth=\"0px\" height=\"950px\" width=\"1000px\" allowfullscreen><\/iframe>\t\t\t\t<\/div>\n\t\t\t\t<\/div>\n\t\t\t\t<div class=\"elementor-element elementor-element-151d2875 elementor-absolute elementor-widget-tablet__width-inherit elementor-widget elementor-widget-image\" data-id=\"151d2875\" data-element_type=\"widget\" data-e-type=\"widget\" data-settings=\"{&quot;_position&quot;:&quot;absolute&quot;}\" data-widget_type=\"image.default\">\n\t\t\t\t<div class=\"elementor-widget-container\">\n\t\t\t\t\t\t\t\t\t\t\t\t\t\t\t<img decoding=\"async\" width=\"800\" height=\"436\" src=\"https:\/\/bimibaby.com\/wp-content\/uploads\/2025\/03\/tenderstemBroccoli-tenderstills-st00700_CUTOUT.webp\" class=\"attachment-large size-large wp-image-261\" alt=\"\" srcset=\"https:\/\/bimibaby.com\/wp-content\/uploads\/2025\/03\/tenderstemBroccoli-tenderstills-st00700_CUTOUT.webp 983w, https:\/\/bimibaby.com\/wp-content\/uploads\/2025\/03\/tenderstemBroccoli-tenderstills-st00700_CUTOUT-300x164.webp 300w, https:\/\/bimibaby.com\/wp-content\/uploads\/2025\/03\/tenderstemBroccoli-tenderstills-st00700_CUTOUT-768x419.webp 768w\" sizes=\"(max-width: 800px) 100vw, 800px\" \/>\t\t\t\t\t\t\t\t\t\t\t\t\t\t\t<\/div>\n\t\t\t\t<\/div>\n\t\t\t\t\t<\/div>\n\t\t\t\t<\/div>\n\t\t\t\t<\/div>\n\t\t\t\t<\/div>","protected":false},"excerpt":{"rendered":"<p>Participe para tener la oportunidad de ganar una de las 5 freidoras de aire Breville y un cargamento de br\u00f3coli baby Bimi\u00ae para probar por s\u00ed mismo lo f\u00e1cil y delicioso que puede ser el br\u00f3coli baby.<\/p>","protected":false},"author":4,"featured_media":1312,"parent":0,"menu_order":0,"comment_status":"closed","ping_status":"closed","template":"","meta":{"_acf_changed":false,"inline_featured_image":false,"footnotes":""},"class_list":["post-1876","page","type-page","status-publish","has-post-thumbnail","hentry"],"acf":[],"yoast_head":"<!-- This site is optimized with the Yoast SEO plugin v27.6 - https:\/\/yoast.com\/product\/yoast-seo-wordpress\/ -->\n<title>Summer Sizzle Starts with Bimi\u00ae Baby Broccoli | Bimi\u00ae Baby Broccoli | Broccoli But Better<\/title>\n<meta name=\"robots\" content=\"index, follow, max-snippet:-1, max-image-preview:large, max-video-preview:-1\" \/>\n<link rel=\"canonical\" href=\"https:\/\/bimibaby.com\/es\/el-verano-empieza-con-brocoli-baby-bimi\/\" \/>\n<meta property=\"og:locale\" content=\"es_ES\" \/>\n<meta property=\"og:type\" content=\"article\" \/>\n<meta property=\"og:title\" content=\"Summer Sizzle Starts with Bimi\u00ae Baby Broccoli | Bimi\u00ae Baby Broccoli | Broccoli But Better\" \/>\n<meta property=\"og:description\" content=\"Enter for your chance to win one of 5 Breville Air Fryers and a shipment of Bimi\u00ae Baby Broccoli to taste for yourself just how easy and delicious baby broccoli can be.\" \/>\n<meta property=\"og:url\" content=\"https:\/\/bimibaby.com\/es\/el-verano-empieza-con-brocoli-baby-bimi\/\" \/>\n<meta property=\"og:site_name\" content=\"Bimi\u00ae Baby Broccoli | Broccoli But Better\" \/>\n<meta property=\"article:publisher\" content=\"https:\/\/www.facebook.com\/profile.php?id=61564549123971\" \/>\n<meta property=\"article:modified_time\" content=\"2025-06-18T17:54:15+00:00\" \/>\n<meta property=\"og:image\" content=\"https:\/\/bimibaby.com\/wp-content\/uploads\/2025\/04\/Bimi\u00ae-Baby-Broccoli.webp\" \/>\n\t<meta property=\"og:image:width\" content=\"1600\" \/>\n\t<meta property=\"og:image:height\" content=\"1067\" \/>\n\t<meta property=\"og:image:type\" content=\"image\/webp\" \/>\n<meta name=\"twitter:card\" content=\"summary_large_image\" \/>\n<meta name=\"twitter:label1\" content=\"Tiempo de lectura\" \/>\n\t<meta name=\"twitter:data1\" content=\"2 minutos\" \/>\n<script type=\"application\/ld+json\" class=\"yoast-schema-graph\">{\"@context\":\"https:\\\/\\\/schema.org\",\"@graph\":[{\"@type\":\"WebPage\",\"@id\":\"https:\\\/\\\/bimibaby.com\\\/summer-sizzle-starts-with-bimi-baby-broccoli\",\"url\":\"https:\\\/\\\/bimibaby.com\\\/summer-sizzle-starts-with-bimi-baby-broccoli\",\"name\":\"Summer Sizzle Starts with Bimi\u00ae Baby Broccoli | Bimi\u00ae Baby Broccoli | Broccoli But Better\",\"isPartOf\":{\"@id\":\"https:\\\/\\\/bimibaby.com\\\/#website\"},\"primaryImageOfPage\":{\"@id\":\"https:\\\/\\\/bimibaby.com\\\/summer-sizzle-starts-with-bimi-baby-broccoli#primaryimage\"},\"image\":{\"@id\":\"https:\\\/\\\/bimibaby.com\\\/summer-sizzle-starts-with-bimi-baby-broccoli#primaryimage\"},\"thumbnailUrl\":\"https:\\\/\\\/bimibaby.com\\\/wp-content\\\/uploads\\\/2025\\\/04\\\/Bimi\u00ae-Baby-Broccoli.webp\",\"datePublished\":\"2025-06-10T23:19:32+00:00\",\"dateModified\":\"2025-06-18T17:54:15+00:00\",\"breadcrumb\":{\"@id\":\"https:\\\/\\\/bimibaby.com\\\/summer-sizzle-starts-with-bimi-baby-broccoli#breadcrumb\"},\"inLanguage\":\"es\",\"potentialAction\":[{\"@type\":\"ReadAction\",\"target\":[\"https:\\\/\\\/bimibaby.com\\\/summer-sizzle-starts-with-bimi-baby-broccoli\"]}]},{\"@type\":\"ImageObject\",\"inLanguage\":\"es\",\"@id\":\"https:\\\/\\\/bimibaby.com\\\/summer-sizzle-starts-with-bimi-baby-broccoli#primaryimage\",\"url\":\"https:\\\/\\\/bimibaby.com\\\/wp-content\\\/uploads\\\/2025\\\/04\\\/Bimi\u00ae-Baby-Broccoli.webp\",\"contentUrl\":\"https:\\\/\\\/bimibaby.com\\\/wp-content\\\/uploads\\\/2025\\\/04\\\/Bimi\u00ae-Baby-Broccoli.webp\",\"width\":1600,\"height\":1067,\"caption\":\"Bimi\u00ae Baby Broccoli\"},{\"@type\":\"BreadcrumbList\",\"@id\":\"https:\\\/\\\/bimibaby.com\\\/summer-sizzle-starts-with-bimi-baby-broccoli#breadcrumb\",\"itemListElement\":[{\"@type\":\"ListItem\",\"position\":1,\"name\":\"Home\",\"item\":\"https:\\\/\\\/bimibaby.com\\\/\"},{\"@type\":\"ListItem\",\"position\":2,\"name\":\"Summer Sizzle Starts with Bimi\u00ae Baby Broccoli\"}]},{\"@type\":\"WebSite\",\"@id\":\"https:\\\/\\\/bimibaby.com\\\/#website\",\"url\":\"https:\\\/\\\/bimibaby.com\\\/\",\"name\":\"Bimi\u00ae Baby Broccoli - US\",\"description\":\"The Original Baby Broccoli\",\"publisher\":{\"@id\":\"https:\\\/\\\/bimibaby.com\\\/#organization\"},\"potentialAction\":[{\"@type\":\"SearchAction\",\"target\":{\"@type\":\"EntryPoint\",\"urlTemplate\":\"https:\\\/\\\/bimibaby.com\\\/?s={search_term_string}\"},\"query-input\":{\"@type\":\"PropertyValueSpecification\",\"valueRequired\":true,\"valueName\":\"search_term_string\"}}],\"inLanguage\":\"es\"},{\"@type\":\"Organization\",\"@id\":\"https:\\\/\\\/bimibaby.com\\\/#organization\",\"name\":\"Bimi\u00ae Baby Broccoli - US\",\"url\":\"https:\\\/\\\/bimibaby.com\\\/\",\"logo\":{\"@type\":\"ImageObject\",\"inLanguage\":\"es\",\"@id\":\"https:\\\/\\\/bimibaby.com\\\/#\\\/schema\\\/logo\\\/image\\\/\",\"url\":\"https:\\\/\\\/bimibaby.com\\\/wp-content\\\/uploads\\\/2025\\\/03\\\/Bimi-Baby-Broccoli-Logo-Teal.svg\",\"contentUrl\":\"https:\\\/\\\/bimibaby.com\\\/wp-content\\\/uploads\\\/2025\\\/03\\\/Bimi-Baby-Broccoli-Logo-Teal.svg\",\"width\":300,\"height\":165,\"caption\":\"Bimi\u00ae Baby Broccoli - US\"},\"image\":{\"@id\":\"https:\\\/\\\/bimibaby.com\\\/#\\\/schema\\\/logo\\\/image\\\/\"},\"sameAs\":[\"https:\\\/\\\/www.facebook.com\\\/profile.php?id=61564549123971\",\"https:\\\/\\\/www.instagram.com\\\/bimi_us\\\/\"]}]}<\/script>\n<!-- \/ Yoast SEO plugin. -->","yoast_head_json":{"title":"El verano empieza con el br\u00f3coli Bimi\u00ae Baby Broccoli | Bimi\u00ae Baby Broccoli | Br\u00f3coli pero mejor","robots":{"index":"index","follow":"follow","max-snippet":"max-snippet:-1","max-image-preview":"max-image-preview:large","max-video-preview":"max-video-preview:-1"},"canonical":"https:\/\/bimibaby.com\/es\/el-verano-empieza-con-brocoli-baby-bimi\/","og_locale":"es_ES","og_type":"article","og_title":"Summer Sizzle Starts with Bimi\u00ae Baby Broccoli | Bimi\u00ae Baby Broccoli | Broccoli But Better","og_description":"Enter for your chance to win one of 5 Breville Air Fryers and a shipment of Bimi\u00ae Baby Broccoli to taste for yourself just how easy and delicious baby broccoli can be.","og_url":"https:\/\/bimibaby.com\/es\/el-verano-empieza-con-brocoli-baby-bimi\/","og_site_name":"Bimi\u00ae Baby Broccoli | Broccoli But Better","article_publisher":"https:\/\/www.facebook.com\/profile.php?id=61564549123971","article_modified_time":"2025-06-18T17:54:15+00:00","og_image":[{"width":1600,"height":1067,"url":"https:\/\/bimibaby.com\/wp-content\/uploads\/2025\/04\/Bimi\u00ae-Baby-Broccoli.webp","type":"image\/webp"}],"twitter_card":"summary_large_image","twitter_misc":{"Tiempo de lectura":"2 minutos"},"schema":{"@context":"https:\/\/schema.org","@graph":[{"@type":"WebPage","@id":"https:\/\/bimibaby.com\/summer-sizzle-starts-with-bimi-baby-broccoli","url":"https:\/\/bimibaby.com\/summer-sizzle-starts-with-bimi-baby-broccoli","name":"El verano empieza con el br\u00f3coli Bimi\u00ae Baby Broccoli | Bimi\u00ae Baby Broccoli | Br\u00f3coli pero mejor","isPartOf":{"@id":"https:\/\/bimibaby.com\/#website"},"primaryImageOfPage":{"@id":"https:\/\/bimibaby.com\/summer-sizzle-starts-with-bimi-baby-broccoli#primaryimage"},"image":{"@id":"https:\/\/bimibaby.com\/summer-sizzle-starts-with-bimi-baby-broccoli#primaryimage"},"thumbnailUrl":"https:\/\/bimibaby.com\/wp-content\/uploads\/2025\/04\/Bimi\u00ae-Baby-Broccoli.webp","datePublished":"2025-06-10T23:19:32+00:00","dateModified":"2025-06-18T17:54:15+00:00","breadcrumb":{"@id":"https:\/\/bimibaby.com\/summer-sizzle-starts-with-bimi-baby-broccoli#breadcrumb"},"inLanguage":"es","potentialAction":[{"@type":"ReadAction","target":["https:\/\/bimibaby.com\/summer-sizzle-starts-with-bimi-baby-broccoli"]}]},{"@type":"ImageObject","inLanguage":"es","@id":"https:\/\/bimibaby.com\/summer-sizzle-starts-with-bimi-baby-broccoli#primaryimage","url":"https:\/\/bimibaby.com\/wp-content\/uploads\/2025\/04\/Bimi\u00ae-Baby-Broccoli.webp","contentUrl":"https:\/\/bimibaby.com\/wp-content\/uploads\/2025\/04\/Bimi\u00ae-Baby-Broccoli.webp","width":1600,"height":1067,"caption":"Bimi\u00ae Baby Broccoli"},{"@type":"BreadcrumbList","@id":"https:\/\/bimibaby.com\/summer-sizzle-starts-with-bimi-baby-broccoli#breadcrumb","itemListElement":[{"@type":"ListItem","position":1,"name":"Home","item":"https:\/\/bimibaby.com\/"},{"@type":"ListItem","position":2,"name":"Summer Sizzle Starts with Bimi\u00ae Baby Broccoli"}]},{"@type":"WebSite","@id":"https:\/\/bimibaby.com\/#website","url":"https:\/\/bimibaby.com\/","name":"Bimi\u00ae Baby Broccoli - US","description":"El Original Br\u00f3coli Beb\u00e9","publisher":{"@id":"https:\/\/bimibaby.com\/#organization"},"potentialAction":[{"@type":"SearchAction","target":{"@type":"EntryPoint","urlTemplate":"https:\/\/bimibaby.com\/?s={search_term_string}"},"query-input":{"@type":"PropertyValueSpecification","valueRequired":true,"valueName":"search_term_string"}}],"inLanguage":"es"},{"@type":"Organization","@id":"https:\/\/bimibaby.com\/#organization","name":"Bimi\u00ae Baby Broccoli - US","url":"https:\/\/bimibaby.com\/","logo":{"@type":"ImageObject","inLanguage":"es","@id":"https:\/\/bimibaby.com\/#\/schema\/logo\/image\/","url":"https:\/\/bimibaby.com\/wp-content\/uploads\/2025\/03\/Bimi-Baby-Broccoli-Logo-Teal.svg","contentUrl":"https:\/\/bimibaby.com\/wp-content\/uploads\/2025\/03\/Bimi-Baby-Broccoli-Logo-Teal.svg","width":300,"height":165,"caption":"Bimi\u00ae Baby Broccoli - US"},"image":{"@id":"https:\/\/bimibaby.com\/#\/schema\/logo\/image\/"},"sameAs":["https:\/\/www.facebook.com\/profile.php?id=61564549123971","https:\/\/www.instagram.com\/bimi_us\/"]}]}},"_links":{"self":[{"href":"https:\/\/bimibaby.com\/es\/wp-json\/wp\/v2\/pages\/1876","targetHints":{"allow":["GET"]}}],"collection":[{"href":"https:\/\/bimibaby.com\/es\/wp-json\/wp\/v2\/pages"}],"about":[{"href":"https:\/\/bimibaby.com\/es\/wp-json\/wp\/v2\/types\/page"}],"author":[{"embeddable":true,"href":"https:\/\/bimibaby.com\/es\/wp-json\/wp\/v2\/users\/4"}],"replies":[{"embeddable":true,"href":"https:\/\/bimibaby.com\/es\/wp-json\/wp\/v2\/comments?post=1876"}],"version-history":[{"count":0,"href":"https:\/\/bimibaby.com\/es\/wp-json\/wp\/v2\/pages\/1876\/revisions"}],"wp:featuredmedia":[{"embeddable":true,"href":"https:\/\/bimibaby.com\/es\/wp-json\/wp\/v2\/media\/1312"}],"wp:attachment":[{"href":"https:\/\/bimibaby.com\/es\/wp-json\/wp\/v2\/media?parent=1876"}],"curies":[{"name":"wp","href":"https:\/\/api.w.org\/{rel}","templated":true}]}}